{"id":435,"date":"2018-04-09T21:40:53","date_gmt":"2018-04-09T18:40:53","guid":{"rendered":"http:\/\/www.esbike.org\/?page_id=435"},"modified":"2025-06-15T21:45:39","modified_gmt":"2025-06-15T18:45:39","slug":"hizmetlerimiz","status":"publish","type":"page","link":"http:\/\/www.esbike.org\/index.php\/hizmetlerimiz\/","title":{"rendered":"Hizmetlerimiz"},"content":{"rendered":"\n\n\n<p class=\"has-text-align-center has-medium-font-size\"><a href=\"http:\/\/www.esbike.org\/index.php\/2025\/06\/15\/doga-yuruyusu-hizmetlerimiz\/\">DO\u011eA Y\u00dcR\u00dcY\u00dc\u015e\u00dc H\u0130ZMETLER\u0130M\u0130Z<\/a><\/p>\n\n\n\n<p class=\"has-text-align-center has-medium-font-size\"><a href=\"http:\/\/www.esbike.org\/index.php\/2025\/06\/15\/bisiklet-hizmetlerimiz\/\">B\u0130S\u0130KLET H\u0130ZMETLER\u0130M\u0130Z<\/a><\/p>\n\n\n<div class=\"wp-block-image\">\n<figure class=\"aligncenter size-large is-resized\"><img loading=\"lazy\" decoding=\"async\" width=\"1024\" height=\"768\" src=\"http:\/\/www.esbike.org\/wp-content\/uploads\/2021\/08\/20200612_111453-1024x768.jpg\" alt=\"\" class=\"wp-image-9040\" style=\"width:501px;height:auto\" srcset=\"http:\/\/www.esbike.org\/wp-content\/uploads\/2021\/08\/20200612_111453-1024x768.jpg 1024w, http:\/\/www.esbike.org\/wp-content\/uploads\/2021\/08\/20200612_111453-300x225.jpg 300w, http:\/\/www.esbike.org\/wp-content\/uploads\/2021\/08\/20200612_111453-768x576.jpg 768w, http:\/\/www.esbike.org\/wp-content\/uploads\/2021\/08\/20200612_111453-1536x1152.jpg 1536w, http:\/\/www.esbike.org\/wp-content\/uploads\/2021\/08\/20200612_111453-2048x1536.jpg 2048w\" sizes=\"auto, (max-width: 1024px) 100vw, 1024px\" \/><\/figure>\n<\/div>\n\n<div class=\"wp-block-image\">\n<figure class=\"aligncenter size-large is-resized\"><img loading=\"lazy\" decoding=\"async\" width=\"1024\" height=\"768\" src=\"http:\/\/www.esbike.org\/wp-content\/uploads\/2023\/10\/2023-10-13-01.03.20-1024x768.jpg\" alt=\"\" class=\"wp-image-9351\" style=\"width:503px;height:auto\" srcset=\"http:\/\/www.esbike.org\/wp-content\/uploads\/2023\/10\/2023-10-13-01.03.20-1024x768.jpg 1024w, http:\/\/www.esbike.org\/wp-content\/uploads\/2023\/10\/2023-10-13-01.03.20-300x225.jpg 300w, http:\/\/www.esbike.org\/wp-content\/uploads\/2023\/10\/2023-10-13-01.03.20-768x576.jpg 768w, http:\/\/www.esbike.org\/wp-content\/uploads\/2023\/10\/2023-10-13-01.03.20.jpg 1280w\" sizes=\"auto, (max-width: 1024px) 100vw, 1024px\" \/><\/figure>\n<\/div>","protected":false},"excerpt":{"rendered":"<p>DO\u011eA Y\u00dcR\u00dcY\u00dc\u015e\u00dc H\u0130ZMETLER\u0130M\u0130Z B\u0130S\u0130KLET H\u0130ZMETLER\u0130M\u0130Z<\/p>\n","protected":false},"author":1,"featured_media":9168,"parent":0,"menu_order":4,"comment_status":"closed","ping_status":"closed","template":"","meta":{"footnotes":""},"class_list":["post-435","page","type-page","status-publish","has-post-thumbnail","hentry"],"_links":{"self":[{"href":"http:\/\/www.esbike.org\/index.php\/wp-json\/wp\/v2\/pages\/435","targetHints":{"allow":["GET"]}}],"collection":[{"href":"http:\/\/www.esbike.org\/index.php\/wp-json\/wp\/v2\/pages"}],"about":[{"href":"http:\/\/www.esbike.org\/index.php\/wp-json\/wp\/v2\/types\/page"}],"author":[{"embeddable":true,"href":"http:\/\/www.esbike.org\/index.php\/wp-json\/wp\/v2\/users\/1"}],"replies":[{"embeddable":true,"href":"http:\/\/www.esbike.org\/index.php\/wp-json\/wp\/v2\/comments?post=435"}],"version-history":[{"count":3,"href":"http:\/\/www.esbike.org\/index.php\/wp-json\/wp\/v2\/pages\/435\/revisions"}],"predecessor-version":[{"id":9420,"href":"http:\/\/www.esbike.org\/index.php\/wp-json\/wp\/v2\/pages\/435\/revisions\/9420"}],"wp:featuredmedia":[{"embeddable":true,"href":"http:\/\/www.esbike.org\/index.php\/wp-json\/wp\/v2\/media\/9168"}],"wp:attachment":[{"href":"http:\/\/www.esbike.org\/index.php\/wp-json\/wp\/v2\/media?parent=435"}],"curies":[{"name":"wp","href":"https:\/\/api.w.org\/{rel}","templated":true}]}}