{"id":12,"date":"2018-04-09T19:06:38","date_gmt":"2018-04-09T16:06:38","guid":{"rendered":"http:\/\/www.esbike.org\/?page_id=12"},"modified":"2023-10-10T20:46:11","modified_gmt":"2023-10-10T17:46:11","slug":"bize-ulasin","status":"publish","type":"page","link":"http:\/\/www.esbike.org\/index.php\/bize-ulasin\/","title":{"rendered":"Bize ula\u015f\u0131n"},"content":{"rendered":"<p style=\"text-align: center;\"><strong>Esbike &#8211; Esdag &#8211; Karbon Tamir \u0130leti\u015fim Bilgileri<\/strong><\/p>\n<p style=\"text-align: center;\"><strong>K\u00f6ksal KONUK<\/strong><\/p>\n<p style=\"text-align: center;\"><strong>0506 423 11 70\u00a0<\/strong><\/p>\n<p style=\"text-align: center;\"><strong>esbike26@gmail.com<\/strong><\/p>\n<p style=\"text-align: center;\"><iframe loading=\"lazy\" style=\"border: 0;\" src=\"https:\/\/www.google.com\/maps\/embed?pb=!1m18!1m12!1m3!1d3066.6762005248056!2d30.545178915652052!3d39.769377879445685!2m3!1f0!2f0!3f0!3m2!1i1024!2i768!4f13.1!3m3!1m2!1s0x14cc3e0a65b3d8eb%3A0x2a6af19c4f8803d5!2sEsbike+Bisiklet+At%C3%B6lyesi!5e0!3m2!1str!2str!4v1523299049812\" width=\"600\" height=\"450\" frameborder=\"0\" allowfullscreen=\"allowfullscreen\"><\/iframe><\/p>\n","protected":false},"excerpt":{"rendered":"<p>Esbike &#8211; Esdag &#8211; Karbon Tamir \u0130leti\u015fim Bilgileri K\u00f6ksal KONUK 0506 423 11 70\u00a0 esbike26@gmail.com<\/p>\n","protected":false},"author":1,"featured_media":422,"parent":0,"menu_order":5,"comment_status":"closed","ping_status":"closed","template":"","meta":{"footnotes":""},"class_list":["post-12","page","type-page","status-publish","has-post-thumbnail","hentry"],"_links":{"self":[{"href":"http:\/\/www.esbike.org\/index.php\/wp-json\/wp\/v2\/pages\/12","targetHints":{"allow":["GET"]}}],"collection":[{"href":"http:\/\/www.esbike.org\/index.php\/wp-json\/wp\/v2\/pages"}],"about":[{"href":"http:\/\/www.esbike.org\/index.php\/wp-json\/wp\/v2\/types\/page"}],"author":[{"embeddable":true,"href":"http:\/\/www.esbike.org\/index.php\/wp-json\/wp\/v2\/users\/1"}],"replies":[{"embeddable":true,"href":"http:\/\/www.esbike.org\/index.php\/wp-json\/wp\/v2\/comments?post=12"}],"version-history":[{"count":2,"href":"http:\/\/www.esbike.org\/index.php\/wp-json\/wp\/v2\/pages\/12\/revisions"}],"predecessor-version":[{"id":9349,"href":"http:\/\/www.esbike.org\/index.php\/wp-json\/wp\/v2\/pages\/12\/revisions\/9349"}],"wp:featuredmedia":[{"embeddable":true,"href":"http:\/\/www.esbike.org\/index.php\/wp-json\/"}],"wp:attachment":[{"href":"http:\/\/www.esbike.org\/index.php\/wp-json\/wp\/v2\/media?parent=12"}],"curies":[{"name":"wp","href":"https:\/\/api.w.org\/{rel}","templated":true}]}}